{"id":953,"date":"2025-03-28T10:41:55","date_gmt":"2025-03-28T09:41:55","guid":{"rendered":"https:\/\/ibizadomo.online\/allgemeine-bedingungen-und-konditionen\/"},"modified":"2025-04-01T09:05:53","modified_gmt":"2025-04-01T07:05:53","slug":"allgemeine-bedingungen-und-konditionen","status":"publish","type":"page","link":"https:\/\/ibizadomo.com\/de\/allgemeine-bedingungen-und-konditionen\/","title":{"rendered":"Allgemeine Bedingungen und Konditionen"},"content":{"rendered":"\t\t<div data-elementor-type=\"wp-page\" data-elementor-id=\"953\" class=\"elementor elementor-953 elementor-919\" data-elementor-post-type=\"page\">\n\t\t\t\t<div class=\"elementor-element elementor-element-ba8d287 e-flex e-con-boxed e-con e-parent\" data-id=\"ba8d287\" data-element_type=\"container\" data-e-type=\"container\">\n\t\t\t\t\t<div class=\"e-con-inner\">\n\t\t\t\t<div class=\"elementor-element elementor-element-1854809 elementor-widget elementor-widget-text-editor\" data-id=\"1854809\" data-element_type=\"widget\" data-e-type=\"widget\" data-widget_type=\"text-editor.default\">\n\t\t\t\t<div class=\"elementor-widget-container\">\n\t\t\t\t\t\t\t\t\t<p>Domo Loal S.L. (Ibiza Domo) agiert in den allermeisten F\u00e4llen als Vermittler und gibt die von den Eigent\u00fcmern und Besitzern der Villen in unserem Katalog festgelegten Bedingungen an die Kunden weiter. Im Folgenden werden jedoch die grundlegenden Punkte aufgef\u00fchrt, die die Bedingungen bestimmen, unter denen im Allgemeinen die Mietbedingungen geregelt werden: <br><br><br>1. die Akzeptanz der Bedingungen<br><br>Die allgemeinen Bedingungen f\u00fcr die Vermietung jeder Villa werden von den Kunden als Zeichen der \u00dcbereinstimmung immer vor der \u00dcbergabe der Schl\u00fcssel der Immobilie unterzeichnet werden. Der Kunde kann diese bei der Buchung unterschreiben und abschicken oder sie bei seiner Ankunft auf Ibiza in unseren B\u00fcros unterschreiben. Unter keinen Umst\u00e4nden ist es m\u00f6glich, die Villa zu \u00fcbergeben, ohne dass diese Bedingungen zuvor vom Kunden unterzeichnet wurden.  <br><br><br>2.- Reserveeinlage<br><br><br>Der Eingang eines beliebigen Betrages auf unserem Bankkonto bedeutet an sich noch nicht die Formalisierung einer Reservierung. Eine Reservierung gilt ab dem Zeitpunkt als best\u00e4tigt, an dem der Kunde den von Domo Loal S.L. ausgestellten Best\u00e4tigungsbeleg erh\u00e4lt. Der Betrag, der als Anzahlung f\u00fcr die Reservierung verlangt wird, variiert je nach den von den Eigent\u00fcmern der einzelnen Immobilien festgelegten Bedingungen, und der Restbetrag muss vor der Schl\u00fcssel\u00fcbergabe auf die in den Buchungsbedingungen festgelegte Weise bezahlt werden.  <br><br>3. im Preis enthaltene Konzepte<br><br>Der Preis beinhaltet die exklusive Nutzung der m\u00f6blierten und ausgestatteten Villa und ihrer Einrichtungen. Der Verbrauch von Wasser, Gas und Strom ist im Preis inbegriffen, ebenso wie die Nutzung der gesamten Ausstattung der Villa (Bettw\u00e4sche, Handt\u00fccher, Haushaltswaren, Elektroger\u00e4te, etc.). Unabh\u00e4ngig von der Standardreinigung, die in jeder Villa vorgesehen ist, bietet Domo Loal S.L. (Ibiza Domo) seinen Kunden die M\u00f6glichkeit, andere Optionen zu w\u00e4hlen und den Mietpreis an die H\u00e4ufigkeit des gew\u00e4hlten Reinigungsdienstes anzupassen.  <br><br>4. die Widerrufsbelehrung<br><br>Domo Loal S.L. (Ibiza Domo), der als Vermittler auftritt, wendet in jedem Fall die von der jeweiligen Immobilie auferlegten Stornierungsbedingungen an. Sofern nicht anders festgelegt, gilt jedoch die folgende allgemeine Regel: <br><br>&#8211; Bis 45 Tage vor der Ankunft betr\u00e4gt die Vertragsstrafe 30% des Gesamtmietpreises.<br>&#8211; Zwischen 45 und 30 Tagen vor der Ankunft betr\u00e4gt die Vertragsstrafe 50% des Gesamtpreises.<br>&#8211; Ab 30 Tagen vor der Ankunft wird der volle Mietpreis berechnet.<br><br>Im Falle einer Stornierung wird Domo Loal S.L. (Ibiza Domo) in Ihrem Namen mit dem Eigent\u00fcmer der Villa verhandeln, um die bestm\u00f6glichen Bedingungen zu erhalten, in \u00dcbereinstimmung mit unserer Kundendienstpolitik.<br><br><br>5.- Sicherheitsleistung<br><br>In den Buchungsbedingungen ist eine Kaution festgelegt, die vor dem Einzug in die Villa zu hinterlegen ist, deren H\u00f6he und Zahlungsweise von Objekt zu Objekt variiert und die zur Deckung eventueller Sch\u00e4den, Br\u00fcche oder Besch\u00e4digungen der Villa oder ihrer Einrichtungen verwendet wird, die nicht auf die normale Nutzung und Abnutzung des Objekts zur\u00fcckzuf\u00fchren sind. Diese Kaution wird bei der Abreise zur\u00fcckerstattet, nachdem der Zustand der Villa \u00fcberpr\u00fcft wurde. Bei Sch\u00e4den, deren Kosten zum Zeitpunkt der Abreise nicht ermittelt werden k\u00f6nnen, wird eine Frist f\u00fcr die R\u00fcckerstattung des Differenzbetrags innerhalb von h\u00f6chstens 15 Tagen festgelegt. Nur in Ausnahmef\u00e4llen und nach vorheriger ausdr\u00fccklicher Vereinbarung mit Domo Loal S.L. (Ibiza Domo) kann dieser Betrag zur Bezahlung von Zusatzleistungen verwendet werden, die vom Kunden in Auftrag gegeben oder von Domo Loal S.L. (Ibiza Domo) als Zuschlag bezahlt werden.   <br><br><br>6.- Anzahl der Personen<br><br>Die Gesamtzahl der Personen, die das gemietete Objekt bewohnen, darf die in den Buchungsbedingungen angegebene Zahl der Pl\u00e4tze nicht \u00fcberschreiten, au\u00dfer im Falle von Kindern unter zwei Jahren. Generell behalten sich die Eigent\u00fcmer der Villa das Recht vor, die Reservierung nach eigenem Ermessen zu stornieren, wenn dieser Absatz nicht eingehalten wird, oder von der Kaution den Betrag abzuziehen, den die Eigent\u00fcmer in diesem Zusammenhang fordern k\u00f6nnen. <br><br><br>7. der Zugang zum Eigentum<br><br>Sowohl das Personal von Domo Loal S.L. (Ibiza Domo) als auch die Eigent\u00fcmer der Villen m\u00fcssen zu angemessenen Zeiten Zugang zu den Villen haben, um eventuelle Wartungsarbeiten durchf\u00fchren zu k\u00f6nnen, sowie im Falle eines Ausfalls einer der Anlagen oder Dienstleistungen.<br><br><br>8. die Verantwortlichkeiten des Auftraggebers<br><br>Die allgemeinen Bedingungen besagen, dass der Kunde sich verpflichtet, das Haus, seine Einrichtung und Ausstattung in demselben Zustand wie bei der Ankunft zu erhalten, und dass er f\u00fcr alle Sch\u00e4den oder Verluste verantwortlich ist, die w\u00e4hrend seines Aufenthalts an dem Haus oder seinem Inhalt entstehen, und dass er sich verpflichtet, f\u00fcr eine angemessene Entsch\u00e4digung durch Domo Loal S.L. (Ibiza Domo) f\u00fcr alle Sch\u00e4den aufzukommen, die au\u00dferhalb der normalen Nutzung verursacht werden k\u00f6nnen. Der Kunde muss die Villa frei von M\u00fcll und Abf\u00e4llen verlassen, andernfalls wird bei der Abreise ein Zuschlag von 55 \u20ac erhoben oder von der Kaution abgezogen. <br><br>Es ist ausdr\u00fccklich verboten, die Villa ohne die ausdr\u00fcckliche Zustimmung des Anwesens f\u00fcr Partys, Veranstaltungen und Feiern zu nutzen. Ebenso muss der Zugang zur Villa f\u00fcr mehr als die in den Buchungsbedingungen festgelegte Anzahl von Personen die vorherige Genehmigung des Anwesens haben.<br>Das Aufstellen und die Verwendung von Ger\u00e4ten oder Beschallungsanlagen, die nicht zu den Einrichtungen der Villa geh\u00f6ren, ist nur mit vorheriger Genehmigung gestattet. Gem\u00e4\u00df der geltenden Gesetzgebung ist Musik im Freien auf der gesamten Insel nach Mitternacht verboten. M\u00f6gliche formelle Beschwerden von Nachbarn oder Beschwerden von den Beh\u00f6rden wegen Nichteinhaltung dieser Regeln k\u00f6nnen zum Verlust der Kaution und sogar zum sofortigen Ausschluss aus der Immobilie f\u00fchren.  <br><br><br>9.- Wertsachen<br><br>Alle Wertsachen, die der Kunde in der Wohnung hinterlegt, sind auf eigenes Risiko, und die Wohnung ist nicht f\u00fcr deren Verlust oder Bruch verantwortlich. Bei Mietobjekten in touristischen Gebieten besteht immer ein gewisses Diebstahlrisiko. Im Falle eines Diebstahls oder versuchten Diebstahls muss der Kunde Domo Loal S.L. (Ibiza Domo) sofort benachrichtigen. Domo Loal S.L. (Ibiza Domo) haftet nicht f\u00fcr eventuelle Sch\u00e4den, die durch Diebstahl des Objekts entstehen.   <\/p>\t\t\t\t\t\t\t\t<\/div>\n\t\t\t\t<\/div>\n\t\t\t\t\t<\/div>\n\t\t\t\t<\/div>\n\t\t\t\t<\/div>\n\t\t","protected":false},"excerpt":{"rendered":"<p>Domo Loal S.L. (Ibiza Domo) agiert in den allermeisten F\u00e4llen als Vermittler und gibt die von den Eigent\u00fcmern und Besitzern der Villen in unserem Katalog festgelegten Bedingungen an die Kunden weiter. Im Folgenden werden jedoch die grundlegenden Punkte aufgef\u00fchrt, die die Bedingungen bestimmen, unter denen im Allgemeinen die Mietbedingungen geregelt werden: 1. die Akzeptanz der [&hellip;]<\/p>\n","protected":false},"author":1,"featured_media":0,"parent":0,"menu_order":0,"comment_status":"closed","ping_status":"closed","template":"","meta":{"footnotes":""},"class_list":["post-953","page","type-page","status-publish","hentry"],"_links":{"self":[{"href":"https:\/\/ibizadomo.com\/de\/wp-json\/wp\/v2\/pages\/953","targetHints":{"allow":["GET"]}}],"collection":[{"href":"https:\/\/ibizadomo.com\/de\/wp-json\/wp\/v2\/pages"}],"about":[{"href":"https:\/\/ibizadomo.com\/de\/wp-json\/wp\/v2\/types\/page"}],"author":[{"embeddable":true,"href":"https:\/\/ibizadomo.com\/de\/wp-json\/wp\/v2\/users\/1"}],"replies":[{"embeddable":true,"href":"https:\/\/ibizadomo.com\/de\/wp-json\/wp\/v2\/comments?post=953"}],"version-history":[{"count":0,"href":"https:\/\/ibizadomo.com\/de\/wp-json\/wp\/v2\/pages\/953\/revisions"}],"wp:attachment":[{"href":"https:\/\/ibizadomo.com\/de\/wp-json\/wp\/v2\/media?parent=953"}],"curies":[{"name":"wp","href":"https:\/\/api.w.org\/{rel}","templated":true}]}}