{"id":947,"date":"2025-03-28T10:41:03","date_gmt":"2025-03-28T09:41:03","guid":{"rendered":"https:\/\/ibizadomo.online\/datenschutzbestimmungen\/"},"modified":"2025-04-01T09:05:53","modified_gmt":"2025-04-01T07:05:53","slug":"datenschutzbestimmungen","status":"publish","type":"page","link":"https:\/\/ibizadomo.com\/de\/datenschutzbestimmungen\/","title":{"rendered":"Datenschutzbestimmungen"},"content":{"rendered":"\t\t<div data-elementor-type=\"wp-page\" data-elementor-id=\"947\" class=\"elementor elementor-947 elementor-918\" data-elementor-post-type=\"page\">\n\t\t\t\t<div class=\"elementor-element elementor-element-bd1ae72 e-flex e-con-boxed e-con e-parent\" data-id=\"bd1ae72\" data-element_type=\"container\" data-e-type=\"container\">\n\t\t\t\t\t<div class=\"e-con-inner\">\n\t\t\t\t<div class=\"elementor-element elementor-element-3a599b2 elementor-widget elementor-widget-text-editor\" data-id=\"3a599b2\" data-element_type=\"widget\" data-e-type=\"widget\" data-widget_type=\"text-editor.default\">\n\t\t\t\t<div class=\"elementor-widget-container\">\n\t\t\t\t\t\t\t\t\t<p>ZWECK DER DATENSCHUTZRICHTLINIE<br><br>Domo Loal S.L. informiert die Benutzer, dass es die geltenden Datenschutzbestimmungen und insbesondere das Organgesetz 15\/1999 vom 13. Dezember \u00fcber den Schutz personenbezogener Daten und das Gesetz 4\/2002 einh\u00e4lt.<br>In \u00dcbereinstimmung mit den Bestimmungen der geltenden Gesetzgebung sammelt Domo Loal S.L. nur die Daten, die unbedingt notwendig sind, um die aus ihrer T\u00e4tigkeit abgeleiteten Dienstleistungen und andere vom Gesetz zugewiesene Vorteile, Dienstleistungen und Aktivit\u00e4ten anzubieten.<br>Diese Datenschutzpolitik kann sich im Laufe der Zeit aufgrund m\u00f6glicher \u00c4nderungen der Gesetzgebung, der Rechtsprechung oder der von der spanischen Datenschutzbeh\u00f6rde und\/oder der zust\u00e4ndigen Beh\u00f6rde zu einem bestimmten Zeitpunkt angewandten Kriterien \u00e4ndern. Aus diesem Grund beh\u00e4lt sich Domo Loal S.L. das Recht vor, den vorliegenden rechtlichen Hinweis zu \u00e4ndern, um ihn an die zum Zeitpunkt des Zugriffs auf die Webseiten geltenden neuen Gesetze oder die Rechtsprechung sowie an die Praxis des Sektors anzupassen.<br>In diesen F\u00e4llen wird Domo Loal S.L. die \u00c4nderungen auf dieser Website rechtzeitig vor ihrem Inkrafttreten bekannt geben.<br><br>VERTRAULICHKEIT<br><br>Alle per E-Mail oder elektronische Formulare \u00fcbermittelten Daten werden gem\u00e4\u00df der geltenden Gesetzgebung zum Schutz personenbezogener Daten behandelt und in jedem Fall von den Mitarbeitern von Domo Loal S.L., die diese Informationen verwalten, als vertraulich behandelt.<br><br>INFORMATIONEN \u00dcBER DIE FREIWILLIGKEIT DER DATEN\u00dcBERLASSUNG UND DEREN FOLGEN FREIWILLIGKEIT<br><br><br>Die Nutzer der Website werden darauf hingewiesen, dass die Beantwortung der in den Datenerhebungsformularen dieser Website gestellten Fragen freiwillig ist, wobei die Verweigerung der Angabe der angeforderten Daten dazu f\u00fchren kann, dass der Zugang zu den erforderlichen Dienstleistungen nicht m\u00f6glich ist.<br><br>CONSEQUENCE<br><br>Durch das Ausf\u00fcllen der Formulare auf den verschiedenen Websites, die sich auf die von Domo Loal S.L. angebotenen Dienstleistungen beziehen, akzeptieren die Benutzer die Aufnahme und Verarbeitung der von ihnen angegebenen Daten in einer Datei mit pers\u00f6nlichen Daten, deren Inhaber Domo Loal S.L. ist, und k\u00f6nnen die entsprechenden Rechte gem\u00e4\u00df der folgenden Klausel aus\u00fcben.<br><br>INFORMATION DES NUTZERS \u00dcBER DAS RECHT AUF BERICHTIGUNG, ZUGANG, WIDERSPRUCH UND L\u00d6SCHUNG SEINER DATEN<br><br><br>Die Nutzer k\u00f6nnen in Bezug auf die auf die im vorstehenden Punkt beschriebene Weise erhobenen Daten die im Organgesetz 15\/1999 anerkannten Rechte aus\u00fcben, insbesondere das Recht auf Zugang, Berichtigung, Widerspruch und\/oder L\u00f6schung der Daten. Die im vorstehenden Absatz genannten Rechte k\u00f6nnen von jedem Nutzer durch einen schriftlichen und unterzeichneten Antrag, dem eine Fotokopie des Personalausweises oder Reisepasses beigef\u00fcgt ist, an folgende Adresse ausge\u00fcbt werden:<br><br>&#8211; DEM SICHERHEITSBEAUFTRAGTEN ZUR KENNTNIS ZU BRINGEN.<br>&#8211; EINGETRAGENER SITZ DER GESELLSCHAFT.<br>&#8211; (DATENSCHUTZ)<br><br><br>Ebenso kann der Nutzer, wenn er keine Informationen per E-Mail oder auf anderem Wege erhalten m\u00f6chte, Domo Loal S.L. unter der oben angegebenen Adresse auf eine Art und Weise informieren, die einen Empfangsnachweis erm\u00f6glicht.<br><br>INFORMATIONEN DAR\u00dcBER, WELCHE DATEN AUFBEWAHRT WERDEN, WIE LANGE UND ZU WELCHEM ZWECK SIE AUFBEWAHRT WERDEN<br><br>Ausschlie\u00dflich Kontaktdaten (Grundcharakter), wie Vorname, Nachname und E-Mail. Diese Informationen werden von Domo Loal S.L. erhalten und niemals an andere Unternehmen verkauft, \u00fcbertragen oder vermietet, au\u00dfer im logischen Fall f\u00fcr die Erbringung der Dienstleistung.<br>Domo Loal S.L. ist f\u00fcr diese pers\u00f6nlichen Daten verantwortlich, die von und f\u00fcr Domo Loal S.L. zum Zwecke der Pflege und Verwaltung der Beziehung zu den Nutzern, der Information und des Vertriebs der Produkte der Organisation sowie der Durchf\u00fchrung verschiedener Aktivit\u00e4ten erstellt werden.<br><br><br>ZU WELCHEM ZWECK<br><br>Wir informieren Sie auch dar\u00fcber, dass die Informationen in den Datenbanken zur Identifizierung der Nutzer und zur Durchf\u00fchrung statistischer Untersuchungen der registrierten Nutzer verwendet werden k\u00f6nnen.<br>W\u00e4hrend der Datenerfassung und bei jeder Datenabfrage werden die Nutzer \u00fcber den obligatorischen oder freiwilligen Charakter der Datenerfassung und, falls dies nicht implizit aus dem betreffenden elektronischen Formular hervorgeht, \u00fcber die Notwendigkeit der Datenerfassung informiert, damit die Nutzer Zugang zu bestimmten Inhalten der Websites erhalten.<br>Gegebenenfalls werden die Benutzer um ihre Zustimmung gebeten, damit Domo Loal S.L. ihre Daten verwenden kann, um ihnen Informationen \u00fcber das Unternehmen, seine Aktivit\u00e4ten oder andere damit verbundene Themen zuzusenden.<br><br>VERPFLICHTUNG DES NUTZERS, SEINE DATEN IN EINER DATEI REGISTRIEREN ZU LASSEN.<br><br>Die Eingabe von Daten in eines oder mehrere der Formulare zur Datenerfassung setzt die Annahme der vorliegenden Nutzungsbedingungen und der Datenschutzrichtlinie voraus, wobei Sie davon ausgehen, dass Sie \u00fcber die Nutzungsbedingungen und den rechtlichen Hinweis informiert wurden und sich verpflichten, diese beim Surfen und bei der Teilnahme an http:\/\/www.ibizadomo.com in vollem Umfang einzuhalten.<br><br>DIE WEITERGABE VON DATEN AN DRITTE OHNE DIE AUSDR\u00dcCKLICHE ZUSTIMMUNG DES NUTZERS ZU VERHINDERN.<br><br>Ebenso, und sofern der Benutzer nicht \u00fcber die m\u00f6gliche Weitergabe seiner Daten an Dritte informiert wurde und seine Zustimmung eingeholt wurde, haben Dritte, die nicht mit Domo Loal S.L. in Verbindung stehen, ohne die ausdr\u00fcckliche Zustimmung der Benutzer unter keinen Umst\u00e4nden Zugang zu ihren pers\u00f6nlichen und\/oder Browsing-Daten, au\u00dfer in F\u00e4llen, die von der geltenden Gesetzgebung abgedeckt werden. In allen anderen F\u00e4llen wird Domo Loal S.L. mitwirken, um sicherzustellen, dass Dritte die geltenden Gesetze einhalten, wobei die Verantwortung bei den genannten Dritten liegt. Domo Loal S.L. verkauft, vermietet oder \u00fcbertr\u00e4gt die pers\u00f6nlichen Daten der Nutzer dieser Website nicht, es sei denn, dies ist f\u00fcr die Erbringung der Dienstleistung selbst erforderlich. Domo Loal S.L. verkauft, vermietet oder \u00fcbertr\u00e4gt die E-Mails seiner Nutzer nicht an andere Unternehmen, mit Ausnahme der F\u00e4lle, die f\u00fcr die Erbringung der Dienstleistung notwendig sind.<br><br>STREICHUNG VON DER INFORMATIONSVERTEILERLISTE<br><br>Gelegentlich sendet Domo Loal S.L. eine E-Mail zur Best\u00e4tigung der Einrichtung des k\u00fcrzlich von einem Kunden erstellten Kontos, um \u00fcber Verbesserungen, neue Funktionen oder Angebote auf dieser Website zu informieren. Sie k\u00f6nnen sich jederzeit abmelden, indem Sie eine E-Mail an info@ibizadomo.com senden.<br><br>HAFTUNG DES NUTZERS F\u00dcR NUTZUNG UND INHALT<br><br>Sowohl der Zugang zu den Websites als auch die Nutzung der darin enthaltenen Informationen und Inhalte liegen in der alleinigen Verantwortung des Nutzers. Daher unterliegt die Nutzung der Informationen, Bilder, Inhalte und\/oder Produkte, die auf dieser Website beschrieben und zug\u00e4nglich sind, dem geltenden nationalen oder internationalen Recht sowie den Grunds\u00e4tzen von Treu und Glauben und der rechtm\u00e4\u00dfigen Nutzung durch die Nutzer, die f\u00fcr den Zugang und die korrekte Nutzung vollst\u00e4ndig verantwortlich sind. Die Nutzer sind verpflichtet, die Dienste oder Inhalte in angemessener Weise zu nutzen, unter Einhaltung des Grundsatzes von Treu und Glauben sowie unter Beachtung der geltenden Gesetze, der Moral, der \u00f6ffentlichen Ordnung, der guten Sitten, der Rechte Dritter oder der Rechte von Domo Loal S.L. selbst, und zwar alles im Rahmen der M\u00f6glichkeiten und Zwecke, f\u00fcr die sie konzipiert wurden. Domo Loal S.L. \u00fcbernimmt keine Verantwortung, weder direkt noch indirekt, f\u00fcr entstehende Sch\u00e4den oder entgangenen Gewinn, die aus dem Missbrauch der Dienste oder Inhalte durch die Nutzer oder Dritte resultieren.<br><br><br>INFORMATION LSSI-CE<br><br><br>Zur Erf\u00fcllung der Informationspflicht gem\u00e4\u00df Artikel 10 des geltenden Gesetzes 34\/2002 vom 11. Juli \u00fcber Dienstleistungen der Informationsgesellschaft und den elektronischen Handel teilen wir Ihnen mit, dass der Verantwortliche der Website, auf der Sie verschiedene Anwendungen und\/oder Informationen herunterladen k\u00f6nnen, sich in der Av\/ Isidoro Macabich, 58, Erdgeschoss rechts, 07800 IBIZA \u2013 Spanien befindet. Ausgestattet mit der Steueridentifikationsnummer: B57834525, mit der Internet-Domain http:\/\/www.ibizadomo.com, eingetragen im entsprechenden Register, bearbeitet sie Mitteilungen von Nutzern und\/oder Interessierten \u00fcber den auf der Website eingerichteten Bereich info@ibizadomo.com.<\/p>\t\t\t\t\t\t\t\t<\/div>\n\t\t\t\t<\/div>\n\t\t\t\t\t<\/div>\n\t\t\t\t<\/div>\n\t\t\t\t<\/div>\n\t\t","protected":false},"excerpt":{"rendered":"<p>ZWECK DER DATENSCHUTZRICHTLINIE Domo Loal S.L. informiert die Benutzer, dass es die geltenden Datenschutzbestimmungen und insbesondere das Organgesetz 15\/1999 vom 13. Dezember \u00fcber den Schutz personenbezogener Daten und das Gesetz 4\/2002 einh\u00e4lt.In \u00dcbereinstimmung mit den Bestimmungen der geltenden Gesetzgebung sammelt Domo Loal S.L. nur die Daten, die unbedingt notwendig sind, um die aus ihrer T\u00e4tigkeit [&hellip;]<\/p>\n","protected":false},"author":1,"featured_media":0,"parent":0,"menu_order":0,"comment_status":"closed","ping_status":"closed","template":"","meta":{"footnotes":""},"class_list":["post-947","page","type-page","status-publish","hentry"],"_links":{"self":[{"href":"https:\/\/ibizadomo.com\/de\/wp-json\/wp\/v2\/pages\/947","targetHints":{"allow":["GET"]}}],"collection":[{"href":"https:\/\/ibizadomo.com\/de\/wp-json\/wp\/v2\/pages"}],"about":[{"href":"https:\/\/ibizadomo.com\/de\/wp-json\/wp\/v2\/types\/page"}],"author":[{"embeddable":true,"href":"https:\/\/ibizadomo.com\/de\/wp-json\/wp\/v2\/users\/1"}],"replies":[{"embeddable":true,"href":"https:\/\/ibizadomo.com\/de\/wp-json\/wp\/v2\/comments?post=947"}],"version-history":[{"count":0,"href":"https:\/\/ibizadomo.com\/de\/wp-json\/wp\/v2\/pages\/947\/revisions"}],"wp:attachment":[{"href":"https:\/\/ibizadomo.com\/de\/wp-json\/wp\/v2\/media?parent=947"}],"curies":[{"name":"wp","href":"https:\/\/api.w.org\/{rel}","templated":true}]}}