{"id":943,"date":"2025-03-28T10:39:57","date_gmt":"2025-03-28T09:39:57","guid":{"rendered":"https:\/\/ibizadomo.online\/aviso-legal\/"},"modified":"2025-04-01T08:54:21","modified_gmt":"2025-04-01T06:54:21","slug":"rechtlicher-hinweis","status":"publish","type":"page","link":"https:\/\/ibizadomo.com\/de\/rechtlicher-hinweis\/","title":{"rendered":"Rechtlicher Hinweis"},"content":{"rendered":"\t\t<div data-elementor-type=\"wp-page\" data-elementor-id=\"943\" class=\"elementor elementor-943 elementor-913\" data-elementor-post-type=\"page\">\n\t\t\t\t<div class=\"elementor-element elementor-element-130306f e-flex e-con-boxed e-con e-parent\" data-id=\"130306f\" data-element_type=\"container\" data-e-type=\"container\">\n\t\t\t\t\t<div class=\"e-con-inner\">\n\t\t\t\t<div class=\"elementor-element elementor-element-b734827 elementor-widget elementor-widget-text-editor\" data-id=\"b734827\" data-element_type=\"widget\" data-e-type=\"widget\" data-widget_type=\"text-editor.default\">\n\t\t\t\t<div class=\"elementor-widget-container\">\n\t\t\t\t\t\t\t\t\t<p><strong>BENUTZERKONZEPT<\/strong><br><br>Die Nutzung der Website ist die Bedingung des Benutzers und impliziert die vollst\u00e4ndige und uneingeschr\u00e4nkte Akzeptanz aller Bestimmungen des vorliegenden rechtlichen Hinweises in der von Domo Loal S.L. zum Zeitpunkt des Zugriffs des Benutzers auf die Website ver\u00f6ffentlichten Fassung. Folglich muss der Benutzer diesen rechtlichen Hinweis jedes Mal, wenn er die Website nutzen m\u00f6chte, sorgf\u00e4ltig lesen, da er \u00c4nderungen unterliegen kann. <br><br><br><strong>INFORMATIONEN \u00dcBER LINKS<\/strong><br><br>Domo Loal S.L. ist nicht verantwortlich f\u00fcr Websites, die nicht zu Domo Loal S.L. geh\u00f6ren und auf die man \u00fcber Links oder \u00fcber Inhalte, die von Dritten zur Verf\u00fcgung gestellt werden, zugreifen kann. Die Nutzung eines Links oder der Zugang zu einer Website, die nicht zu Domo Loal S.L. geh\u00f6rt, erfolgt auf ausschlie\u00dfliches Risiko des Nutzers, und Domo Loal S.L. empfiehlt oder garantiert keine Informationen, die \u00fcber einen Link erhalten werden, der nicht zur Website von Domo Loal S.L. geh\u00f6rt. Domo Loal S.L. haftet auch nicht f\u00fcr Verluste, Anspr\u00fcche oder Sch\u00e4den, die sich aus der Nutzung oder dem Missbrauch eines Links oder der \u00fcber ihn erhaltenen Informationen ergeben, einschlie\u00dflich anderer Links oder Websites, Unterbrechungen des Dienstes oder des Zugangs oder des Versuchs, einen Link zu nutzen oder zu missbrauchen, sowohl bei der Verbindung mit der Website von Domo Loal S.L. als auch beim Zugriff auf Informationen auf anderen Websites von der Website von Domo Loal S.L. aus. <br><br><br><strong>INFORMATIONEN \u00dcBER DIE VERWENDUNG VON COOKIES<\/strong><br><br>Diese Website kann auf einigen Seiten Cookies verwenden. Der Zweck dieser Cookies ist es, den Service f\u00fcr unsere Kunden und Besucher zu verbessern.<br>Cookies sind kleine Datendateien, die auf dem Computer des Benutzers erzeugt werden und es erm\u00f6glichen, die folgenden Informationen zu erhalten:<br>* Datum und Uhrzeit des letzten Besuchs des Nutzers auf der Website.<br>* Design des Inhalts, den der Nutzer bei seinem ersten Besuch der Website ausgew\u00e4hlt hat.<br>* Sicherheitselemente f\u00fcr die Kontrolle des Zugangs zu gesch\u00fctzten Bereichen. <br><br><br><strong>HAFTUNGSAUSSCHLUSS UND HAFTUNGSBESCHR\u00c4NKUNG<\/strong><br><br>Die Informationen und Dienstleistungen, die auf den Webseiten enthalten oder \u00fcber diese verf\u00fcgbar sind, k\u00f6nnen Ungenauigkeiten oder typografische Fehler enthalten. Die darin enthaltenen Informationen werden von Zeit zu Zeit ge\u00e4ndert. Domo Loal S.L. kann jederzeit Verbesserungen und\/oder \u00c4nderungen an den Diensten oder Inhalten vornehmen.  <br><br>Domo Loal S.L. hat die Informationen und Materialien, die im Kundenbereich der Website enthalten sind, aus Quellen bezogen, die als zuverl\u00e4ssig gelten. Obwohl die entsprechenden Ma\u00dfnahmen ergriffen wurden, um sicherzustellen, dass die darin enthaltenen Informationen korrekt sind, kann nicht garantiert werden, dass sie genau und aktuell sind.<br><br>Es wird darauf hingewiesen, dass die Inhalte dieser Website zwei Zwecke verfolgen: einen informativen Zweck in Bezug auf Qualit\u00e4t, Lage, Dienstleistungen und Preise und einen weiteren Zweck f\u00fcr die Buchung und den Abschluss von Vertr\u00e4gen \u00fcber Dienstleistungen.<br><br><br><strong>INFORMATIONEN \u00dcBER DEN HAFTUNGSAUSSCHLUSS F\u00dcR TECHNISCHE UND INHALTLICHE FEHLER<\/strong><br><br>Domo Loal S.L. lehnt jegliche Haftung im Falle von Unterbrechungen oder Funktionsst\u00f6rungen der im Internet angebotenen Dienste oder Inhalte ab, unabh\u00e4ngig von deren Ursache. Ebenso \u00fcbernimmt Domo Loal S.L. keine Haftung f\u00fcr Netzausf\u00e4lle, Gesch\u00e4ftsverluste infolge solcher Ausf\u00e4lle, vor\u00fcbergehende Unterbrechungen der Stromversorgung oder jede andere Art von indirekten Sch\u00e4den, die den Nutzern aus Gr\u00fcnden, die au\u00dferhalb der Kontrolle von Domo Loal S.L. liegen, entstehen k\u00f6nnen. <br>Domo Loal S.L. erkl\u00e4rt oder garantiert nicht, dass die Dienste oder Inhalte unterbrochen werden oder fehlerfrei sind, dass M\u00e4ngel behoben werden oder dass der Dienst oder der Server, der ihn zur Verf\u00fcgung stellt, frei von Viren oder anderen sch\u00e4dlichen Komponenten sind, unbeschadet der Tatsache, dass Domo Loal S.L. sich nach besten Kr\u00e4ften bem\u00fcht, diese Art von Vorf\u00e4llen zu vermeiden. F\u00fcr den Fall, dass der Benutzer auf der Grundlage der auf einer der Websites enthaltenen Informationen bestimmte Entscheidungen treffen oder bestimmte Handlungen durchf\u00fchren muss, wird empfohlen, die erhaltenen Informationen anhand anderer Quellen zu \u00fcberpr\u00fcfen. <br><br><br><strong>GEWERBLICHES UND GEISTIGES EIGENTUM<\/strong><br><br>Die von Domo Loal S.L. zur Verf\u00fcgung gestellten Inhalte sowie die \u00fcber die Webseiten ins Netz gestellten Inhalte stellen ein Werk im Sinne der Gesetzgebung zum geistigen Eigentum dar und sind daher durch die einschl\u00e4gigen Gesetze und internationalen Konventionen gesch\u00fctzt.<br><br>Jede Form der Vervielf\u00e4ltigung, des Vertriebs, der \u00f6ffentlichen Bekanntgabe, der Umwandlung, der Zurverf\u00fcgungstellung und allgemein jeder andere Akt der \u00f6ffentlichen Verwertung, der sich sowohl auf die Webseiten als auch auf deren Inhalte und Informationen bezieht, ist ohne die ausdr\u00fcckliche und vorherige schriftliche Zustimmung von Domo Loal S.L. verboten.<br><br>Folglich unterliegen alle auf den verschiedenen Webseiten gezeigten Inhalte und insbesondere Designs, Texte, Grafiken, Logos, Icons, Schaltfl\u00e4chen, Software, Handelsnamen, Marken, Warenzeichen, Industriezeichnungen oder andere Zeichen, die f\u00fcr den industriellen und kommerziellen Gebrauch geeignet sind, den geistigen und gewerblichen Eigentumsrechten von Domo Loal S.L. oder von Drittinhabern, die deren Aufnahme in die verschiedenen Webseiten ordnungsgem\u00e4\u00df genehmigt haben. Die Inhalte, Bilder, Formulare, Meinungen, Verzeichnisse und andere formale Ausdr\u00fccke, die Teil der Webseiten sind, sowie die Software, die f\u00fcr den Betrieb und die Visualisierung derselben erforderlich ist, stellen ebenfalls ein Werk im Sinne des Urheberrechts dar und sind daher durch die internationalen Konventionen und die nationale Gesetzgebung zum geistigen Eigentum gesch\u00fctzt, die gegebenenfalls anwendbar sind. Die Nichteinhaltung der vorgenannten Bestimmungen bedeutet die Begehung schwerwiegender rechtswidriger Handlungen und deren zivil- und strafrechtliche Ahndung.  <br><br>Jegliche Handlung, durch die die Nutzer der Dienste oder Inhalte die Inhalte, Bilder, Formulare, Verzeichnisse und andere formale Ausdr\u00fccke, die Teil der Webseiten sind, ohne die vorherige schriftliche Genehmigung von Domo Loal S.L. direkt oder indirekt ganz oder teilweise kommerziell nutzen oder verwerten k\u00f6nnen, ist verboten.<br><br>Insbesondere und ohne Anspruch auf Vollst\u00e4ndigkeit sind die Vervielf\u00e4ltigung, der Vertrieb, die Ausstellung, die \u00dcbertragung, die Weiterverbreitung, die Ausstrahlung in jeglicher Form, die Speicherung auf physischen oder logischen Tr\u00e4gern (z.B. Disketten oder Computerfestplatten), die Digitalisierung oder die Bereitstellung in anderen als den von Domo Loal S.L. autorisierten Datenbanken verboten, sowie die \u00dcbersetzung, Anpassung, Anordnung oder jede andere Umwandlung der genannten Meinungen, Bilder, Formulare, Verzeichnisse und anderen formalen Ausdr\u00fccke, die den Nutzern \u00fcber die Dienste oder Inhalte zur Verf\u00fcgung gestellt werden, sofern diese Handlungen unter die geltende Gesetzgebung zum Schutz des geistigen, industriellen oder bildlichen Eigentums fallen.<br><br>Domo Loal S.L. steht es frei, den Zugang zu den Webseiten und den darin angebotenen Produkten und\/oder Dienstleistungen sowie die anschlie\u00dfende Ver\u00f6ffentlichung von Meinungen, Beobachtungen, Bildern oder Kommentaren, die die Nutzer per E-Mail an sie senden, zu beschr\u00e4nken. In diesem Zusammenhang kann Domo Loal S.L., wenn sie es f\u00fcr angemessen h\u00e4lt, unbeschadet der alleinigen und ausschlie\u00dflichen Verantwortung der Nutzer, die notwendigen Filter einrichten, um zu verhindern, dass Inhalte oder Meinungen, die als rassistisch, fremdenfeindlich, diskriminierend, pornografisch oder verleumderisch angesehen werden oder die in irgendeiner Weise zu Gewalt oder zur Verbreitung eindeutig rechtswidriger oder sch\u00e4dlicher Inhalte anregen, \u00fcber ihre Webseiten ins Netz gestellt werden. <br><br>Benutzer, die Vorschl\u00e4ge, Beobachtungen, Meinungen oder Kommentare zu den Webseiten von Domo Loal S.L. \u00fcber den E-Mail-Service an die Abteilung f\u00fcr Vorschl\u00e4ge senden, sofern sie nicht auf bestimmte und unmissverst\u00e4ndliche Weise das Gegenteil zum Ausdruck bringen, in den F\u00e4llen, in denen dies aufgrund der Art der Dienstleistungen oder Inhalte m\u00f6glich ist, wird davon ausgegangen, dass sie Domo Loal S.L. erm\u00e4chtigen, diese in jedem Format zu vervielf\u00e4ltigen, zu verteilen, auszustellen, zu \u00fcbertragen, weiterzuleiten, zu senden, auf physischen oder logischen Tr\u00e4gern (z. B. Disketten oder Computerfestplatten) zu speichern, zu digitalisieren, aus Datenbanken, die Domo Loal S.L. geh\u00f6ren, verf\u00fcgbar zu machen. f\u00fcr die Vervielf\u00e4ltigung, den Vertrieb, die Ausstellung, die \u00dcbertragung, die Weiterleitung, die Ausstrahlung in jedem Format, die Speicherung auf physischen oder logischen Tr\u00e4gern (z. B. Disketten oder Computerfestplatten), die Digitalisierung, die Bereitstellung aus Datenbanken, die Domo Loal S.L. geh\u00f6ren, die \u00dcbersetzung, die Anpassung, das Arrangement oder jede andere Umwandlung dieser Beobachtungen, Meinungen oder Kommentare, solange der Urheberrechtsschutz gesetzlich vorgesehen ist.<br><br>Es wird auch davon ausgegangen, dass diese Genehmigung kostenlos erteilt wird und dass die Benutzer allein durch die \u00dcbermittlung solcher Bemerkungen, Meinungen oder Kommentare per E-Mail jeden Anspruch auf eine Verg\u00fctung durch Domo Loal S.L. ablehnen.<br>In \u00dcbereinstimmung mit dem obigen Absatz ist Domo Loal S.L. auch berechtigt, diese Beobachtungen, Meinungen oder Kommentare zu modifizieren oder zu ver\u00e4ndern, um sie an die Erfordernisse des redaktionellen Formats der Webseiten anzupassen, ohne dass dies eine Verletzung der Urheberrechte bedeutet, die die Nutzer an diesen Beobachtungen, Meinungen oder Kommentaren besitzen.<br><br>Jegliche technischen, logischen oder technologischen Mittel, die es Dritten erm\u00f6glichen, direkt oder indirekt, mit oder ohne Gewinn, von jedem einzelnen der Inhalte, Formulare, Verzeichnisse und anderen formalen Ausdr\u00fccke, die Teil der Webseiten sind, oder von den Bem\u00fchungen von Domo Loal S.L. zu deren Betrieb zu profitieren, sind verboten.<br><br>Insbesondere ist jeglicher Link, Hyperlink, Framing oder \u00e4hnlicher Link, der in Richtung der Webseiten von Domo Loal S.L. eingerichtet werden kann, ohne die vorherige, ausdr\u00fcckliche und schriftliche Zustimmung von Domo Loal S.L. verboten. Jeder Versto\u00df gegen die Bestimmungen dieses Punktes wird als Verletzung der legitimen geistigen Eigentumsrechte von Domo Loal S.L. an den Webseiten und allen Inhalten derselben angesehen.<br><br>Domo Loal S.L. \u00fcbernimmt keine Verantwortung f\u00fcr etwaige Folgen, die sich aus den oben genannten Verhaltensweisen und Handlungen ergeben, ebenso wenig wie f\u00fcr die Inhalte, Dienstleistungen, Produkte usw. Dritter, auf die direkt oder \u00fcber Banner, Links, Hyperlinks, Framing oder \u00e4hnliche Links von den Websites von Domo Loal S.L. aus zugegriffen werden kann.<br><br><br><strong>INFORMATIONEN ZUR RESERVIERUNG<\/strong><br><br>Um den Nutzern von Domo Loal S.L. einen touristischen Buchungsservice anbieten zu k\u00f6nnen und im Rahmen der Verpflichtung, gute Angebote f\u00fcr sie zu suchen, kann Domo Loal S.L. die pers\u00f6nlichen Daten, die sie freiwillig \u00fcber diese Website eingeben, an die von ihnen ausgew\u00e4hlten touristischen Einrichtungen weitergeben, die mit Domo Loal S.L. zusammenarbeiten. Der Nutzer stimmt dieser \u00dcbertragung zum Zeitpunkt der Reservierung zu und erkl\u00e4rt sich damit einverstanden, dass seine Daten von dem genannten Unternehmen verarbeitet werden, um seine Reservierung zu verwalten und die auf dieser Website festgelegten spezifischen Kaufbedingungen einzuhalten. <\/p>\t\t\t\t\t\t\t\t<\/div>\n\t\t\t\t<\/div>\n\t\t\t\t\t<\/div>\n\t\t\t\t<\/div>\n\t\t\t\t<\/div>\n\t\t","protected":false},"excerpt":{"rendered":"<p>BENUTZERKONZEPT Die Nutzung der Website ist die Bedingung des Benutzers und impliziert die vollst\u00e4ndige und uneingeschr\u00e4nkte Akzeptanz aller Bestimmungen des vorliegenden rechtlichen Hinweises in der von Domo Loal S.L. zum Zeitpunkt des Zugriffs des Benutzers auf die Website ver\u00f6ffentlichten Fassung. Folglich muss der Benutzer diesen rechtlichen Hinweis jedes Mal, wenn er die Website nutzen m\u00f6chte, [&hellip;]<\/p>\n","protected":false},"author":1,"featured_media":0,"parent":0,"menu_order":0,"comment_status":"closed","ping_status":"closed","template":"","meta":{"footnotes":""},"class_list":["post-943","page","type-page","status-publish","hentry"],"_links":{"self":[{"href":"https:\/\/ibizadomo.com\/de\/wp-json\/wp\/v2\/pages\/943","targetHints":{"allow":["GET"]}}],"collection":[{"href":"https:\/\/ibizadomo.com\/de\/wp-json\/wp\/v2\/pages"}],"about":[{"href":"https:\/\/ibizadomo.com\/de\/wp-json\/wp\/v2\/types\/page"}],"author":[{"embeddable":true,"href":"https:\/\/ibizadomo.com\/de\/wp-json\/wp\/v2\/users\/1"}],"replies":[{"embeddable":true,"href":"https:\/\/ibizadomo.com\/de\/wp-json\/wp\/v2\/comments?post=943"}],"version-history":[{"count":0,"href":"https:\/\/ibizadomo.com\/de\/wp-json\/wp\/v2\/pages\/943\/revisions"}],"wp:attachment":[{"href":"https:\/\/ibizadomo.com\/de\/wp-json\/wp\/v2\/media?parent=943"}],"curies":[{"name":"wp","href":"https:\/\/api.w.org\/{rel}","templated":true}]}}